{"id":207,"date":"2025-11-14T10:48:13","date_gmt":"2025-11-14T10:48:13","guid":{"rendered":"https:\/\/laldanismanlik.com\/?page_id=207"},"modified":"2025-11-14T14:17:53","modified_gmt":"2025-11-14T14:17:53","slug":"belgelerimiz","status":"publish","type":"page","link":"https:\/\/laldanismanlik.com\/?page_id=207","title":{"rendered":"Belgelerimiz"},"content":{"rendered":"\n<figure class=\"wp-block-image size-large is-resized\"><img fetchpriority=\"high\" decoding=\"async\" width=\"1024\" height=\"250\" src=\"https:\/\/laldanismanlik.com\/wp-content\/uploads\/2025\/11\/HAKKIMIZDA-3-1024x250.png\" alt=\"\" class=\"wp-image-218\" style=\"width:1200px;height:auto\" srcset=\"https:\/\/laldanismanlik.com\/wp-content\/uploads\/2025\/11\/HAKKIMIZDA-3-1024x250.png 1024w, https:\/\/laldanismanlik.com\/wp-content\/uploads\/2025\/11\/HAKKIMIZDA-3-300x73.png 300w, https:\/\/laldanismanlik.com\/wp-content\/uploads\/2025\/11\/HAKKIMIZDA-3-768x188.png 768w, https:\/\/laldanismanlik.com\/wp-content\/uploads\/2025\/11\/HAKKIMIZDA-3-1536x375.png 1536w, https:\/\/laldanismanlik.com\/wp-content\/uploads\/2025\/11\/HAKKIMIZDA-3-2048x500.png 2048w\" sizes=\"(max-width: 1024px) 100vw, 1024px\" \/><\/figure>\n\n\n\n<p class=MsoNormal style='margin-left:10.0pt'>\r\n<b><span style='font-size:14.0pt;mso-bidi-font-size:12.0pt;font-family:Tahoma;color:white'>\r\n<marquee scrolldelay=\"66\" scrollamount=\"12\" width=\"1150\" height=\"26\" msambientcpg=\"1254\" W\u0130DTH=300 HE\u0130GHT=26\r\nmsambientcpg=1254 W\u0130DTH=300 HE\u0130GHT=26 msambientcpg=1254 W\u0130DTH=300 HE\u0130GHT=26\r\nmsambientcpg=1254 HE\u0130GHT=26 W\u0130DTH=300>LAL \u0130HRACAT \u0130THALAT DI\u015e T\u0130CARET DANI\u015eMANLIK L\u0130M\u0130TED \u015e\u0130RKET\u0130<\/marquee><\/span><\/b><span\r\nstyle=\"mso-spacerun: yes\"> <\/span><\/p>\r\n<!--yatay yaz\u0131 aplet Sonu-->\n\n\n\n<figure class=\"wp-block-gallery has-nested-images columns-default is-cropped wp-block-gallery-1 is-layout-flex wp-block-gallery-is-layout-flex\">\n<figure class=\"wp-block-image size-large\"><img decoding=\"async\" width=\"724\" height=\"1024\" data-id=\"210\" src=\"https:\/\/laldanismanlik.com\/wp-content\/uploads\/2025\/11\/Adsiz-tasarim-92-724x1024.png\" alt=\"\" class=\"wp-image-210\" srcset=\"https:\/\/laldanismanlik.com\/wp-content\/uploads\/2025\/11\/Adsiz-tasarim-92-724x1024.png 724w, https:\/\/laldanismanlik.com\/wp-content\/uploads\/2025\/11\/Adsiz-tasarim-92-212x300.png 212w, https:\/\/laldanismanlik.com\/wp-content\/uploads\/2025\/11\/Adsiz-tasarim-92-768x1086.png 768w, https:\/\/laldanismanlik.com\/wp-content\/uploads\/2025\/11\/Adsiz-tasarim-92-1086x1536.png 1086w, https:\/\/laldanismanlik.com\/wp-content\/uploads\/2025\/11\/Adsiz-tasarim-92.png 1653w\" sizes=\"(max-width: 724px) 100vw, 724px\" \/><\/figure>\n\n\n\n<figure class=\"wp-block-image size-large\"><img decoding=\"async\" width=\"665\" height=\"1024\" data-id=\"228\" src=\"https:\/\/laldanismanlik.com\/wp-content\/uploads\/2025\/11\/Adsiz-tasarim-100-665x1024.png\" alt=\"\" class=\"wp-image-228\" srcset=\"https:\/\/laldanismanlik.com\/wp-content\/uploads\/2025\/11\/Adsiz-tasarim-100-665x1024.png 665w, https:\/\/laldanismanlik.com\/wp-content\/uploads\/2025\/11\/Adsiz-tasarim-100-195x300.png 195w, https:\/\/laldanismanlik.com\/wp-content\/uploads\/2025\/11\/Adsiz-tasarim-100-768x1182.png 768w, https:\/\/laldanismanlik.com\/wp-content\/uploads\/2025\/11\/Adsiz-tasarim-100-998x1536.png 998w, https:\/\/laldanismanlik.com\/wp-content\/uploads\/2025\/11\/Adsiz-tasarim-100.png 1128w\" sizes=\"(max-width: 665px) 100vw, 665px\" \/><\/figure>\n\n\n\n\n\n\n\n\n\n\n<\/figure>\n","protected":false},"excerpt":{"rendered":"<p>LAL \u0130HRACAT \u0130THALAT DI\u015e T\u0130CARET DANI\u015eMANLIK L\u0130M\u0130TED \u015e\u0130RKET\u0130<\/p>\n","protected":false},"author":1,"featured_media":0,"parent":0,"menu_order":0,"comment_status":"closed","ping_status":"closed","template":"","meta":{"site-sidebar-layout":"default","site-content-layout":"","ast-site-content-layout":"default","site-content-style":"default","site-sidebar-style":"default","ast-global-header-display":"","ast-banner-title-visibility":"","ast-main-header-display":"","ast-hfb-above-header-display":"","ast-hfb-below-header-display":"","ast-hfb-mobile-header-display":"","site-post-title":"disabled","ast-breadcrumbs-content":"","ast-featured-img":"","footer-sml-layout":"","theme-transparent-header-meta":"","adv-header-id-meta":"","stick-header-meta":"","header-above-stick-meta":"","header-main-stick-meta":"","header-below-stick-meta":"","astra-migrate-meta-layouts":"default","ast-page-background-enabled":"default","ast-page-background-meta":{"desktop":{"background-color":"var(--ast-global-color-5)","background-image":"","background-repeat":"repeat","background-position":"center center","background-size":"auto","background-attachment":"scroll","background-type":"","background-media":"","overlay-type":"","overlay-color":"","overlay-opacity":"","overlay-gradient":""},"tablet":{"background-color":"","background-image":"","background-repeat":"repeat","background-position":"center center","background-size":"auto","background-attachment":"scroll","background-type":"","background-media":"","overlay-type":"","overlay-color":"","overlay-opacity":"","overlay-gradient":""},"mobile":{"background-color":"","background-image":"","background-repeat":"repeat","background-position":"center center","background-size":"auto","background-attachment":"scroll","background-type":"","background-media":"","overlay-type":"","overlay-color":"","overlay-opacity":"","overlay-gradient":""}},"ast-content-background-meta":{"desktop":{"background-color":"var(--ast-global-color-4)","background-image":"","background-repeat":"repeat","background-position":"center center","background-size":"auto","background-attachment":"scroll","background-type":"","background-media":"","overlay-type":"","overlay-color":"","overlay-opacity":"","overlay-gradient":""},"tablet":{"background-color":"var(--ast-global-color-4)","background-image":"","background-repeat":"repeat","background-position":"center center","background-size":"auto","background-attachment":"scroll","background-type":"","background-media":"","overlay-type":"","overlay-color":"","overlay-opacity":"","overlay-gradient":""},"mobile":{"background-color":"var(--ast-global-color-4)","background-image":"","background-repeat":"repeat","background-position":"center center","background-size":"auto","background-attachment":"scroll","background-type":"","background-media":"","overlay-type":"","overlay-color":"","overlay-opacity":"","overlay-gradient":""}},"footnotes":""},"class_list":["post-207","page","type-page","status-publish","hentry"],"_links":{"self":[{"href":"https:\/\/laldanismanlik.com\/index.php?rest_route=\/wp\/v2\/pages\/207","targetHints":{"allow":["GET"]}}],"collection":[{"href":"https:\/\/laldanismanlik.com\/index.php?rest_route=\/wp\/v2\/pages"}],"about":[{"href":"https:\/\/laldanismanlik.com\/index.php?rest_route=\/wp\/v2\/types\/page"}],"author":[{"embeddable":true,"href":"https:\/\/laldanismanlik.com\/index.php?rest_route=\/wp\/v2\/users\/1"}],"replies":[{"embeddable":true,"href":"https:\/\/laldanismanlik.com\/index.php?rest_route=%2Fwp%2Fv2%2Fcomments&post=207"}],"version-history":[{"count":4,"href":"https:\/\/laldanismanlik.com\/index.php?rest_route=\/wp\/v2\/pages\/207\/revisions"}],"predecessor-version":[{"id":229,"href":"https:\/\/laldanismanlik.com\/index.php?rest_route=\/wp\/v2\/pages\/207\/revisions\/229"}],"wp:attachment":[{"href":"https:\/\/laldanismanlik.com\/index.php?rest_route=%2Fwp%2Fv2%2Fmedia&parent=207"}],"curies":[{"name":"wp","href":"https:\/\/api.w.org\/{rel}","templated":true}]}}