{"id":139,"date":"2025-11-12T08:48:39","date_gmt":"2025-11-12T08:48:39","guid":{"rendered":"https:\/\/laldanismanlik.com\/?page_id=139"},"modified":"2025-11-14T09:06:43","modified_gmt":"2025-11-14T09:06:43","slug":"iletisim","status":"publish","type":"page","link":"https:\/\/laldanismanlik.com\/?page_id=139","title":{"rendered":"\u0130leti\u015fim"},"content":{"rendered":"\n<p class=MsoNormal style='margin-left:10.0pt'>\r\n<b><span style='font-size:14.0pt;mso-bidi-font-size:12.0pt;font-family:Tahoma;color:white'>\r\n<marquee scrolldelay=\"66\" scrollamount=\"12\" width=\"1150\" height=\"26\" msambientcpg=\"1254\" W\u0130DTH=300 HE\u0130GHT=26\r\nmsambientcpg=1254 W\u0130DTH=300 HE\u0130GHT=26 msambientcpg=1254 W\u0130DTH=300 HE\u0130GHT=26\r\nmsambientcpg=1254 HE\u0130GHT=26 W\u0130DTH=300>LAL \u0130HRACAT \u0130THALAT DI\u015e T\u0130CARET DANI\u015eMANLIK L\u0130M\u0130TED \u015e\u0130RKET\u0130<\/marquee><\/span><\/b><span\r\nstyle=\"mso-spacerun: yes\"> <\/span><\/p>\r\n<!--yatay yaz\u0131 aplet Sonu-->\n\n\n<blockquote>\n<p><em><strong>Size en uygun \u00e7\u00f6z\u00fcmleri bulmak i\u00e7in buraday\u0131z&#8230;<\/strong><\/em><\/p>\n<\/blockquote>\n\n\n<div class=\"wp-block-group is-nowrap is-layout-flex wp-container-core-group-is-layout-6c531013 wp-block-group-is-layout-flex\">\n<iframe src=\"https:\/\/www.google.com\/maps\/embed?pb=!1m18!1m12!1m3!1d3194.6364955714835!2d34.62951087650866!3d36.80326497224652!2m3!1f0!2f0!3f0!3m2!1i1024!2i768!4f13.1!3m3!1m2!1s0x1527f326df586a73%3A0xffddb70421c4cb2a!2sValide%20Sultan%20%C4%B0%C5%9F%20Merkezi!5e0!3m2!1str!2str!4v1762937283355!5m2!1str!2str\" width=\"600\" height=\"450\" style=\"border:0;\" allowfullscreen=\"\" loading=\"lazy\" referrerpolicy=\"no-referrer-when-downgrade\"><\/iframe>\n\n\n\n<p style=\"text-align: center;\"><span style=\"color: #00ccff;\"><strong>Yeni Mahalle \u00c7akmak Caddesi Valide Sultan \u0130\u015f Merkezi No:10\/28 Kat:2<\/strong><\/span><br \/><span style=\"color: #00ccff;\"><strong>Akdeniz-MERS\u0130N<\/strong><\/span><\/p>\n<hr \/>\n<p>&nbsp;<\/p>\n<h5 style=\"text-align: center;\"><strong data-wp-editing=\"1\"><a href=\"http:\/\/wa.me\/905444428179\"><span style=\"color: #ffffff;\">+90 544 442 81 79<\/span><\/a><\/p>\n<p><a href=\"http:\/\/wa.me\/905444428179\"><img decoding=\"async\" class=\"alignnone wp-image-142\" src=\"https:\/\/laldanismanlik.com\/wp-content\/uploads\/2025\/11\/logo-whatsapp-png-pic-0-300x300.png\" alt=\"\" width=\"37\" height=\"37\" srcset=\"https:\/\/laldanismanlik.com\/wp-content\/uploads\/2025\/11\/logo-whatsapp-png-pic-0-300x300.png 300w, https:\/\/laldanismanlik.com\/wp-content\/uploads\/2025\/11\/logo-whatsapp-png-pic-0-150x150.png 150w, https:\/\/laldanismanlik.com\/wp-content\/uploads\/2025\/11\/logo-whatsapp-png-pic-0-768x768.png 768w, https:\/\/laldanismanlik.com\/wp-content\/uploads\/2025\/11\/logo-whatsapp-png-pic-0.png 1000w\" sizes=\"(max-width: 37px) 100vw, 37px\" \/><\/a><br \/><\/strong><\/h5>\n<\/div>\n\n\n\n<p><\/p>\n","protected":false},"excerpt":{"rendered":"<p>LAL \u0130HRACAT \u0130THALAT DI\u015e T\u0130CARET DANI\u015eMANLIK L\u0130M\u0130TED \u015e\u0130RKET\u0130 Size en uygun \u00e7\u00f6z\u00fcmleri bulmak i\u00e7in buraday\u0131z&#8230; Yeni Mahalle \u00c7akmak Caddesi Valide [&hellip;]<\/p>\n","protected":false},"author":1,"featured_media":0,"parent":0,"menu_order":0,"comment_status":"closed","ping_status":"closed","template":"","meta":{"site-sidebar-layout":"default","site-content-layout":"","ast-site-content-layout":"default","site-content-style":"default","site-sidebar-style":"default","ast-global-header-display":"","ast-banner-title-visibility":"","ast-main-header-display":"","ast-hfb-above-header-display":"","ast-hfb-below-header-display":"","ast-hfb-mobile-header-display":"","site-post-title":"","ast-breadcrumbs-content":"","ast-featured-img":"","footer-sml-layout":"","theme-transparent-header-meta":"","adv-header-id-meta":"","stick-header-meta":"","header-above-stick-meta":"","header-main-stick-meta":"","header-below-stick-meta":"","astra-migrate-meta-layouts":"default","ast-page-background-enabled":"default","ast-page-background-meta":{"desktop":{"background-color":"var(--ast-global-color-5)","background-image":"","background-repeat":"repeat","background-position":"center center","background-size":"auto","background-attachment":"scroll","background-type":"","background-media":"","overlay-type":"","overlay-color":"","overlay-opacity":"","overlay-gradient":""},"tablet":{"background-color":"","background-image":"","background-repeat":"repeat","background-position":"center center","background-size":"auto","background-attachment":"scroll","background-type":"","background-media":"","overlay-type":"","overlay-color":"","overlay-opacity":"","overlay-gradient":""},"mobile":{"background-color":"","background-image":"","background-repeat":"repeat","background-position":"center center","background-size":"auto","background-attachment":"scroll","background-type":"","background-media":"","overlay-type":"","overlay-color":"","overlay-opacity":"","overlay-gradient":""}},"ast-content-background-meta":{"desktop":{"background-color":"var(--ast-global-color-4)","background-image":"","background-repeat":"repeat","background-position":"center center","background-size":"auto","background-attachment":"scroll","background-type":"","background-media":"","overlay-type":"","overlay-color":"","overlay-opacity":"","overlay-gradient":""},"tablet":{"background-color":"var(--ast-global-color-4)","background-image":"","background-repeat":"repeat","background-position":"center center","background-size":"auto","background-attachment":"scroll","background-type":"","background-media":"","overlay-type":"","overlay-color":"","overlay-opacity":"","overlay-gradient":""},"mobile":{"background-color":"var(--ast-global-color-4)","background-image":"","background-repeat":"repeat","background-position":"center center","background-size":"auto","background-attachment":"scroll","background-type":"","background-media":"","overlay-type":"","overlay-color":"","overlay-opacity":"","overlay-gradient":""}},"footnotes":""},"class_list":["post-139","page","type-page","status-publish","hentry"],"_links":{"self":[{"href":"https:\/\/laldanismanlik.com\/index.php?rest_route=\/wp\/v2\/pages\/139","targetHints":{"allow":["GET"]}}],"collection":[{"href":"https:\/\/laldanismanlik.com\/index.php?rest_route=\/wp\/v2\/pages"}],"about":[{"href":"https:\/\/laldanismanlik.com\/index.php?rest_route=\/wp\/v2\/types\/page"}],"author":[{"embeddable":true,"href":"https:\/\/laldanismanlik.com\/index.php?rest_route=\/wp\/v2\/users\/1"}],"replies":[{"embeddable":true,"href":"https:\/\/laldanismanlik.com\/index.php?rest_route=%2Fwp%2Fv2%2Fcomments&post=139"}],"version-history":[{"count":7,"href":"https:\/\/laldanismanlik.com\/index.php?rest_route=\/wp\/v2\/pages\/139\/revisions"}],"predecessor-version":[{"id":203,"href":"https:\/\/laldanismanlik.com\/index.php?rest_route=\/wp\/v2\/pages\/139\/revisions\/203"}],"wp:attachment":[{"href":"https:\/\/laldanismanlik.com\/index.php?rest_route=%2Fwp%2Fv2%2Fmedia&parent=139"}],"curies":[{"name":"wp","href":"https:\/\/api.w.org\/{rel}","templated":true}]}}