{"id":121,"date":"2025-11-12T08:03:26","date_gmt":"2025-11-12T08:03:26","guid":{"rendered":"https:\/\/laldanismanlik.com\/?page_id=121"},"modified":"2025-11-14T09:10:28","modified_gmt":"2025-11-14T09:10:28","slug":"hizmetlerimiz","status":"publish","type":"page","link":"https:\/\/laldanismanlik.com\/?page_id=121","title":{"rendered":"Hizmetlerimiz"},"content":{"rendered":"\n<figure class=\"wp-block-image size-large is-resized\"><img fetchpriority=\"high\" decoding=\"async\" width=\"1024\" height=\"250\" src=\"https:\/\/laldanismanlik.com\/wp-content\/uploads\/2025\/11\/HAKKIMIZDA-1-1024x250.png\" alt=\"\" class=\"wp-image-122\" style=\"width:1200px;height:auto\" srcset=\"https:\/\/laldanismanlik.com\/wp-content\/uploads\/2025\/11\/HAKKIMIZDA-1-1024x250.png 1024w, https:\/\/laldanismanlik.com\/wp-content\/uploads\/2025\/11\/HAKKIMIZDA-1-300x73.png 300w, https:\/\/laldanismanlik.com\/wp-content\/uploads\/2025\/11\/HAKKIMIZDA-1-768x188.png 768w, https:\/\/laldanismanlik.com\/wp-content\/uploads\/2025\/11\/HAKKIMIZDA-1-1536x375.png 1536w, https:\/\/laldanismanlik.com\/wp-content\/uploads\/2025\/11\/HAKKIMIZDA-1-2048x500.png 2048w\" sizes=\"(max-width: 1024px) 100vw, 1024px\" \/><\/figure>\n\n\n\n<p class=MsoNormal style='margin-left:10.0pt'>\r\n<b><span style='font-size:14.0pt;mso-bidi-font-size:12.0pt;font-family:Tahoma;color:white'>\r\n<marquee scrolldelay=\"66\" scrollamount=\"12\" width=\"1150\" height=\"26\" msambientcpg=\"1254\" W\u0130DTH=300 HE\u0130GHT=26\r\nmsambientcpg=1254 W\u0130DTH=300 HE\u0130GHT=26 msambientcpg=1254 W\u0130DTH=300 HE\u0130GHT=26\r\nmsambientcpg=1254 HE\u0130GHT=26 W\u0130DTH=300>LAL \u0130HRACAT \u0130THALAT DI\u015e T\u0130CARET DANI\u015eMANLIK L\u0130M\u0130TED \u015e\u0130RKET\u0130<\/marquee><\/span><\/b><span\r\nstyle=\"mso-spacerun: yes\"> <\/span><\/p>\r\n<!--yatay yaz\u0131 aplet Sonu-->\n\n\n<h3 style=\"text-align: center;\"><strong><span style=\"color: #ffffff;\">T\u00fcrkiye&#8217;nin Her Yerine Profesyonel \u00c7\u00f6z\u00fcm Ortakl\u0131\u011f\u0131 sunuyoruz. <\/span><\/strong><br \/><strong><span style=\"color: #ffffff;\">Yat\u0131r\u0131m yapma s\u00fcrecini basitle\u015ftiriyoruz. \u0130\u015fletmenizin gereksinimlerine ve hedeflerine uygun te\u015fvik programlar\u0131n\u0131 belirlemek i\u00e7in detayl\u0131 bir analiz yaparak, ba\u015fvuru s\u00fcrecini y\u00f6netiyor ve ba\u015fvurunun her a\u015famas\u0131nda sizin yan\u0131n\u0131zda oluyoruz.<\/span><\/strong><\/h3>\n\n\n<div class=\"wp-block-media-text is-stacked-on-mobile\" style=\"grid-template-columns:77% auto\"><figure class=\"wp-block-media-text__media\"><img decoding=\"async\" width=\"1024\" height=\"488\" src=\"https:\/\/laldanismanlik.com\/wp-content\/uploads\/2025\/11\/LAL-DANISMANLIK-Isletmenizin-buyumesini-desteklemek-icin-buradayiz.-Geleceginizi-sekillendirmeye-birlikte-baslayalim-2-1024x488.png\" alt=\"\" class=\"wp-image-101 size-full\" srcset=\"https:\/\/laldanismanlik.com\/wp-content\/uploads\/2025\/11\/LAL-DANISMANLIK-Isletmenizin-buyumesini-desteklemek-icin-buradayiz.-Geleceginizi-sekillendirmeye-birlikte-baslayalim-2-1024x488.png 1024w, https:\/\/laldanismanlik.com\/wp-content\/uploads\/2025\/11\/LAL-DANISMANLIK-Isletmenizin-buyumesini-desteklemek-icin-buradayiz.-Geleceginizi-sekillendirmeye-birlikte-baslayalim-2-300x143.png 300w, https:\/\/laldanismanlik.com\/wp-content\/uploads\/2025\/11\/LAL-DANISMANLIK-Isletmenizin-buyumesini-desteklemek-icin-buradayiz.-Geleceginizi-sekillendirmeye-birlikte-baslayalim-2-768x366.png 768w, https:\/\/laldanismanlik.com\/wp-content\/uploads\/2025\/11\/LAL-DANISMANLIK-Isletmenizin-buyumesini-desteklemek-icin-buradayiz.-Geleceginizi-sekillendirmeye-birlikte-baslayalim-2-1536x732.png 1536w, https:\/\/laldanismanlik.com\/wp-content\/uploads\/2025\/11\/LAL-DANISMANLIK-Isletmenizin-buyumesini-desteklemek-icin-buradayiz.-Geleceginizi-sekillendirmeye-birlikte-baslayalim-2.png 1883w\" sizes=\"(max-width: 1024px) 100vw, 1024px\" \/><\/figure><div class=\"wp-block-media-text__content\">\n<h2 class=\"wp-block-heading has-text-align-left has-vivid-cyan-blue-color has-text-color has-link-color has-x-large-font-size wp-elements-39974092b6534035a26aaca5e0f3502c\"><strong>Neler Yap\u0131yoruz?<\/strong><\/h2>\n<\/div><\/div>\n\n\n\n<p><\/p>\n","protected":false},"excerpt":{"rendered":"<p>LAL \u0130HRACAT \u0130THALAT DI\u015e T\u0130CARET DANI\u015eMANLIK L\u0130M\u0130TED \u015e\u0130RKET\u0130 T\u00fcrkiye&#8217;nin Her Yerine Profesyonel \u00c7\u00f6z\u00fcm Ortakl\u0131\u011f\u0131 sunuyoruz. Yat\u0131r\u0131m yapma s\u00fcrecini basitle\u015ftiriyoruz. \u0130\u015fletmenizin [&hellip;]<\/p>\n","protected":false},"author":1,"featured_media":0,"parent":0,"menu_order":0,"comment_status":"closed","ping_status":"closed","template":"","meta":{"site-sidebar-layout":"default","site-content-layout":"","ast-site-content-layout":"default","site-content-style":"default","site-sidebar-style":"default","ast-global-header-display":"","ast-banner-title-visibility":"","ast-main-header-display":"","ast-hfb-above-header-display":"","ast-hfb-below-header-display":"","ast-hfb-mobile-header-display":"","site-post-title":"disabled","ast-breadcrumbs-content":"","ast-featured-img":"","footer-sml-layout":"","theme-transparent-header-meta":"","adv-header-id-meta":"","stick-header-meta":"","header-above-stick-meta":"","header-main-stick-meta":"","header-below-stick-meta":"","astra-migrate-meta-layouts":"default","ast-page-background-enabled":"default","ast-page-background-meta":{"desktop":{"background-color":"var(--ast-global-color-5)","background-image":"","background-repeat":"repeat","background-position":"center center","background-size":"auto","background-attachment":"scroll","background-type":"","background-media":"","overlay-type":"","overlay-color":"","overlay-opacity":"","overlay-gradient":""},"tablet":{"background-color":"","background-image":"","background-repeat":"repeat","background-position":"center center","background-size":"auto","background-attachment":"scroll","background-type":"","background-media":"","overlay-type":"","overlay-color":"","overlay-opacity":"","overlay-gradient":""},"mobile":{"background-color":"","background-image":"","background-repeat":"repeat","background-position":"center center","background-size":"auto","background-attachment":"scroll","background-type":"","background-media":"","overlay-type":"","overlay-color":"","overlay-opacity":"","overlay-gradient":""}},"ast-content-background-meta":{"desktop":{"background-color":"var(--ast-global-color-4)","background-image":"","background-repeat":"repeat","background-position":"center center","background-size":"auto","background-attachment":"scroll","background-type":"","background-media":"","overlay-type":"","overlay-color":"","overlay-opacity":"","overlay-gradient":""},"tablet":{"background-color":"var(--ast-global-color-4)","background-image":"","background-repeat":"repeat","background-position":"center center","background-size":"auto","background-attachment":"scroll","background-type":"","background-media":"","overlay-type":"","overlay-color":"","overlay-opacity":"","overlay-gradient":""},"mobile":{"background-color":"var(--ast-global-color-4)","background-image":"","background-repeat":"repeat","background-position":"center center","background-size":"auto","background-attachment":"scroll","background-type":"","background-media":"","overlay-type":"","overlay-color":"","overlay-opacity":"","overlay-gradient":""}},"footnotes":""},"class_list":["post-121","page","type-page","status-publish","hentry"],"_links":{"self":[{"href":"https:\/\/laldanismanlik.com\/index.php?rest_route=\/wp\/v2\/pages\/121","targetHints":{"allow":["GET"]}}],"collection":[{"href":"https:\/\/laldanismanlik.com\/index.php?rest_route=\/wp\/v2\/pages"}],"about":[{"href":"https:\/\/laldanismanlik.com\/index.php?rest_route=\/wp\/v2\/types\/page"}],"author":[{"embeddable":true,"href":"https:\/\/laldanismanlik.com\/index.php?rest_route=\/wp\/v2\/users\/1"}],"replies":[{"embeddable":true,"href":"https:\/\/laldanismanlik.com\/index.php?rest_route=%2Fwp%2Fv2%2Fcomments&post=121"}],"version-history":[{"count":9,"href":"https:\/\/laldanismanlik.com\/index.php?rest_route=\/wp\/v2\/pages\/121\/revisions"}],"predecessor-version":[{"id":204,"href":"https:\/\/laldanismanlik.com\/index.php?rest_route=\/wp\/v2\/pages\/121\/revisions\/204"}],"wp:attachment":[{"href":"https:\/\/laldanismanlik.com\/index.php?rest_route=%2Fwp%2Fv2%2Fmedia&parent=121"}],"curies":[{"name":"wp","href":"https:\/\/api.w.org\/{rel}","templated":true}]}}